{"id":6634,"date":"2021-10-21T11:45:35","date_gmt":"2021-10-21T09:45:35","guid":{"rendered":"https:\/\/www.pm-d.it\/?page_id=6634"},"modified":"2026-04-09T15:51:34","modified_gmt":"2026-04-09T13:51:34","slug":"team","status":"publish","type":"page","link":"https:\/\/www.pm-d.it\/fr\/team\/","title":{"rendered":"Team"},"content":{"rendered":"<section class=\"wpb-content-wrapper\"><p>[vc_row css=\u00a0\u00bb.vc_custom_1462367774917{padding-bottom: 2px !important;}\u00a0\u00bb][vc_column]<div class=\"edgtf-elements-holder edgtf-two-columns edgtf-responsive-mode-768\" ><div class=\"edgtf-elements-holder-item \"  >\n\t<div class=\"edgtf-elements-holder-item-background\" ><\/div>\n\t<div class=\"edgtf-elements-holder-item-inner\">\n\t\t<div class=\"edgtf-elements-holder-item-content edgtf-elements-holder-custom-690088\" >\n\t\t\t\t\t\t\t\t\t\t\t<\/div>\n\t<\/div>\n<\/div><div class=\"edgtf-elements-holder-item \"  >\n\t<div class=\"edgtf-elements-holder-item-background\" ><\/div>\n\t<div class=\"edgtf-elements-holder-item-inner\">\n\t\t<div class=\"edgtf-elements-holder-item-content edgtf-elements-holder-custom-215609\" >\n\t\t\t\t\t\t\t\t\t\t\t<\/div>\n\t<\/div>\n<\/div><\/div>[vc_row_inner][vc_column_inner]\n\t\t\t<!-- START team FRA REVOLUTION SLIDER 6.7.28 --><p class=\"rs-p-wp-fix\"><\/p>\n\t\t\t<rs-module-wrap id=\"rev_slider_49_1_wrapper\" data-source=\"gallery\" style=\"visibility:hidden;background:transparent;padding:0;margin:0px auto;margin-top:0;margin-bottom:0;\">\n\t\t\t\t<rs-module id=\"rev_slider_49_1\" style=\"\" data-version=\"6.7.28\">\n\t\t\t\t\t<rs-slides style=\"overflow: hidden; position: absolute;\">\n\t\t\t\t\t\t<rs-slide style=\"position: absolute;\" data-key=\"rs-118\" data-title=\"Slide\" data-anim=\"adpr:false;\" data-in=\"o:0;\" data-out=\"a:false;\">\n\t\t\t\t\t\t\t<img decoding=\"async\" src=\"\/\/www.pm-d.it\/wp-content\/plugins\/revslider\/sr6\/assets\/assets\/dummy.png\" alt=\"Slide\" title=\"Team\" class=\"rev-slidebg tp-rs-img rs-lazyload\" data-lazyload=\"\/\/www.pm-d.it\/wp-content\/plugins\/revslider\/sr6\/assets\/assets\/transparent.png\" data-no-retina>\n<!--\n\t\t\t\t\t\t\t--><rs-layer\n\t\t\t\t\t\t\t\tid=\"slider-49-slide-118-layer-1\" \n\t\t\t\t\t\t\t\tdata-type=\"text\"\n\t\t\t\t\t\t\t\tdata-color=\"#000000\"\n\t\t\t\t\t\t\t\tdata-rsp_ch=\"on\"\n\t\t\t\t\t\t\t\tdata-xy=\"x:c;yo:163px,163px,163px,90px;\"\n\t\t\t\t\t\t\t\tdata-text=\"w:normal;s:17,17,17,22;l:28,28,28,33;ls:3,3,3,0;a:center;\"\n\t\t\t\t\t\t\t\tdata-dim=\"w:1103px,1103px,1103px,481px;h:auto,auto,auto,174px;minh:0,0,0,none;\"\n\t\t\t\t\t\t\t\tdata-frame_1=\"e:power4.inOut;sp:1500;\"\n\t\t\t\t\t\t\t\tdata-frame_999=\"o:0;st:w;\"\n\t\t\t\t\t\t\t\tstyle=\"z-index:6;font-family:'Montserrat';\"\n\t\t\t\t\t\t\t>Marco Renzelli, Luciano Gioacchini e Alessandro Costa,disposent d\u2019une longue exp\u00e9rience dans la conception et la r\u00e9habilitation de structures civiles et d\u2019infrastructures, qu\u2019elles soient nouvelles ou existantes. \n\t\t\t\t\t\t\t<\/rs-layer><!--\n\n\t\t\t\t\t\t\t--><rs-layer\n\t\t\t\t\t\t\t\tid=\"slider-49-slide-118-layer-2\" \n\t\t\t\t\t\t\t\tdata-type=\"text\"\n\t\t\t\t\t\t\t\tdata-color=\"#000000\"\n\t\t\t\t\t\t\t\tdata-rsp_ch=\"on\"\n\t\t\t\t\t\t\t\tdata-xy=\"x:c;y:t,t,t,b;yo:261px,261px,261px,37px;\"\n\t\t\t\t\t\t\t\tdata-text=\"w:normal;s:17,17,17,22;l:28,28,28,33;ls:3,3,3,0;a:center;\"\n\t\t\t\t\t\t\t\tdata-dim=\"w:1103px,1103px,1103px,467px;h:auto,auto,auto,116px;minh:0,0,0,none;\"\n\t\t\t\t\t\t\t\tdata-frame_1=\"e:power4.inOut;sp:1500;\"\n\t\t\t\t\t\t\t\tdata-frame_999=\"o:0;st:w;\"\n\t\t\t\t\t\t\t\tstyle=\"z-index:6;font-family:'Montserrat';\"\n\t\t\t\t\t\t\t>Nous comptons sur une \u00e9quipe jeune et dynamique, toujours pr\u00eate \u00e0 relever des d\u00e9fis et \u00e0 travailler en groupe. \n\t\t\t\t\t\t\t<\/rs-layer><!--\n\n\t\t\t\t\t\t\t--><rs-layer\n\t\t\t\t\t\t\t\tid=\"slider-49-slide-118-layer-4\" \n\t\t\t\t\t\t\t\tdata-type=\"text\"\n\t\t\t\t\t\t\t\tdata-color=\"#000\"\n\t\t\t\t\t\t\t\tdata-rsp_ch=\"on\"\n\t\t\t\t\t\t\t\tdata-xy=\"x:c;yo:50px,50px,50px,15px;\"\n\t\t\t\t\t\t\t\tdata-text=\"w:normal;s:40,40,40,34;l:50,50,50,50;fw:900;a:center;\"\n\t\t\t\t\t\t\t\tdata-dim=\"w:296.833px,296.833px,296.833px,470px;minh:0px,0px,0px,none;\"\n\t\t\t\t\t\t\t\tdata-border=\"bos:solid;boc:#ee1d23;bow:0,0,0,10px;\"\n\t\t\t\t\t\t\t\tdata-frame_999=\"o:0;st:w;\"\n\t\t\t\t\t\t\t\tstyle=\"z-index:7;font-family:'Roboto';text-transform:uppercase;\"\n\t\t\t\t\t\t\t>notre equipe \n\t\t\t\t\t\t\t<\/rs-layer><!--\n-->\t\t\t\t\t<\/rs-slide>\n\t\t\t\t\t<\/rs-slides>\n\t\t\t\t<\/rs-module>\n\t\t\t\t<script>\n\t\t\t\t\tsetREVStartSize({c: 'rev_slider_49_1',rl:[1240,1240,1240,480],el:[410,410,410,460],gw:[1240,1240,1240,480],gh:[410,410,410,460],type:'hero',justify:'',layout:'fullwidth',mh:\"0\"});if (window.RS_MODULES!==undefined && window.RS_MODULES.modules!==undefined && window.RS_MODULES.modules[\"revslider491\"]!==undefined) {window.RS_MODULES.modules[\"revslider491\"].once = false;window.revapi49 = undefined;if (window.RS_MODULES.checkMinimal!==undefined) window.RS_MODULES.checkMinimal()}\n\t\t\t\t<\/script>\n\t\t\t<\/rs-module-wrap>\n\t\t\t<!-- END REVOLUTION SLIDER -->\n[\/vc_column_inner][\/vc_row_inner][vc_row_inner disable_element=\u00a0\u00bbyes\u00a0\u00bb][vc_column_inner][vc_column_text]<\/p>\n<h1 style=\"text-align: center;\"><strong>Notre Equipe<\/strong><\/h1>\n<p>[\/vc_column_text][vc_empty_space height=\u00a0\u00bb18px\u00a0\u00bb]<div class=\"edgtf-separator-holder clearfix  edgtf-separator-center\">\n\t<div class=\"edgtf-separator\" style=\"border-color: #ffc107;width: 500px;border-bottom-width: 2px;margin-top: 16px;margin-bottom: 16 px\"><\/div>\n<\/div>\n[vc_empty_space height=\u00a0\u00bb18px\u00a0\u00bb][\/vc_column_inner][\/vc_row_inner][vc_row_inner disable_element=\u00a0\u00bbyes\u00a0\u00bb][vc_column_inner width=\u00a0\u00bb1\/6&Prime;][vc_column_text][\/vc_column_text][\/vc_column_inner][vc_column_inner width=\u00a0\u00bb2\/3&Prime;][vc_column_text]<\/p>\n<p style=\"text-align: center;\"><span style=\"color: #333333;\">Marco Renzelli, Luciano Gioacchini e Alessandro Costa,disposent d\u2019une longue exp\u00e9rience dans la conception et la r\u00e9habilitation de structures civiles et d\u2019infrastructures, qu\u2019elles soient nouvelles ou existantes.<\/span><\/p>\n<p style=\"text-align: center;\"><span style=\"color: #333333;\">Nous comptons sur une \u00e9quipe jeune et dynamique, toujours pr\u00eate \u00e0 relever des d\u00e9fis et \u00e0 travailler en groupe.<\/span><\/p>\n<p>&nbsp;<\/p>\n<p>[\/vc_column_text][\/vc_column_inner][vc_column_inner width=\u00a0\u00bb1\/6&Prime;][\/vc_column_inner][\/vc_row_inner][vc_row_inner][vc_column_inner][vc_empty_space][\/vc_column_inner][\/vc_row_inner][\/vc_column][\/vc_row][vc_row][vc_column width=\u00a0\u00bb1\/3&Prime;][vc_single_image image=\u00a0\u00bb8372&Prime; img_size=\u00a0\u00bbfull\u00a0\u00bb alignment=\u00a0\u00bbcenter\u00a0\u00bb style=\u00a0\u00bbvc_box_shadow_border\u00a0\u00bb]\n<h3 class=\"edgtf-custom-font-holder\" style=\"font-size: 20px;line-height: 50px;font-weight: 600;text-align: center;color: #000000\" data-font-size= 20 data-line-height= 50>\n\t\n\tMarco Renzelli\n\t\t\n\t<\/h3>[vc_column_text]<\/p>\n<p style=\"text-align: center;\"><span style=\"color: #333333;\">Administrateur Unique, Associ\u00e9 et Directeur Technique<\/span><\/p>\n<p>[\/vc_column_text][\/vc_column][vc_column width=\u00a0\u00bb1\/3&Prime;][vc_single_image image=\u00a0\u00bb8373&Prime; img_size=\u00a0\u00bbfull\u00a0\u00bb alignment=\u00a0\u00bbcenter\u00a0\u00bb style=\u00a0\u00bbvc_box_shadow_border\u00a0\u00bb]\n<h3 class=\"edgtf-custom-font-holder\" style=\"font-size: 20px;line-height: 50px;font-weight: 600;text-align: center;color: #000000\" data-font-size= 20 data-line-height= 50>\n\t\n\tLuciano Gioacchini\n\t\t\n\t<\/h3>[vc_column_text]<\/p>\n<p style=\"text-align: center;\"><span style=\"color: #333333;\">Associ\u00e9 et Directeur Technique<\/span><\/p>\n<p>[\/vc_column_text][\/vc_column][vc_column width=\u00a0\u00bb1\/3&Prime;][vc_single_image image=\u00a0\u00bb8375&Prime; img_size=\u00a0\u00bbfull\u00a0\u00bb alignment=\u00a0\u00bbcenter\u00a0\u00bb style=\u00a0\u00bbvc_box_shadow_border\u00a0\u00bb]\n<h3 class=\"edgtf-custom-font-holder\" style=\"font-size: 20px;line-height: 50px;font-weight: 600;text-align: center;color: #000000\" data-font-size= 20 data-line-height= 50>\n\t\n\tAlessandro Costa\n\t\t\n\t<\/h3>[vc_column_text]<\/p>\n<p style=\"text-align: center;\"><span style=\"color: #333333;\">Associ\u00e9 et Directeur Technique<\/span><\/p>\n<p>[\/vc_column_text][\/vc_column][\/vc_row][vc_row][vc_column][vc_empty_space][\/vc_column][\/vc_row][vc_row][vc_column width=\u00a0\u00bb1\/3&Prime;][vc_single_image image=\u00a0\u00bb8656&Prime; img_size=\u00a0\u00bblarge\u00a0\u00bb alignment=\u00a0\u00bbcenter\u00a0\u00bb style=\u00a0\u00bbvc_box_shadow_border\u00a0\u00bb]\n<h3 class=\"edgtf-custom-font-holder\" style=\"font-size: 20px;line-height: 50px;font-weight: 600;text-align: center;color: #000000\" data-font-size= 20 data-line-height= 50>\n\t\n\tLavinia Mirabelli\n\t\t\n\t<\/h3>[vc_column_text]<\/p>\n<p style=\"text-align: center;\"><span style=\"color: #333333;\">Ing\u00e9nieur Structure<\/span><\/p>\n<p>[\/vc_column_text][\/vc_column][vc_column width=\u00a0\u00bb1\/3&Prime;][vc_single_image image=\u00a0\u00bb8371&Prime; img_size=\u00a0\u00bblarge\u00a0\u00bb alignment=\u00a0\u00bbcenter\u00a0\u00bb style=\u00a0\u00bbvc_box_shadow_border\u00a0\u00bb]\n<h3 class=\"edgtf-custom-font-holder\" style=\"font-size: 20px;line-height: 50px;font-weight: 600;text-align: center;color: #000000\" data-font-size= 20 data-line-height= 50>\n\t\n\tNicola Dellino\n\t\t\n\t<\/h3>[vc_column_text]<\/p>\n<p style=\"text-align: center;\"><span style=\"color: #333333;\">Ing\u00e9nieur Structure<\/span><\/p>\n<p>[\/vc_column_text][\/vc_column][vc_column width=\u00a0\u00bb1\/3&Prime;][vc_single_image image=\u00a0\u00bb8980&Prime; img_size=\u00a0\u00bblarge\u00a0\u00bb alignment=\u00a0\u00bbcenter\u00a0\u00bb style=\u00a0\u00bbvc_box_shadow_border\u00a0\u00bb]\n<h3 class=\"edgtf-custom-font-holder\" style=\"font-size: 20px;line-height: 50px;font-weight: 600;text-align: center;color: #000000\" data-font-size= 20 data-line-height= 50>\n\t\n\tChristian Del Greco\n\t\t\n\t<\/h3>[vc_column_text]<\/p>\n<p style=\"text-align: center;\"><span style=\"color: #333333;\">Ing\u00e9nieur Structure<\/span><\/p>\n<p>[\/vc_column_text][\/vc_column][\/vc_row][vc_row][vc_column][vc_empty_space][\/vc_column][\/vc_row][vc_row][vc_column width=\u00a0\u00bb1\/3&Prime;][vc_single_image image=\u00a0\u00bb9046&Prime; img_size=\u00a0\u00bblarge\u00a0\u00bb alignment=\u00a0\u00bbcenter\u00a0\u00bb style=\u00a0\u00bbvc_box_shadow_border\u00a0\u00bb]\n<h3 class=\"edgtf-custom-font-holder\" style=\"font-size: 20px;line-height: 50px;font-weight: 600;text-align: center;color: #000000\" data-font-size= 20 data-line-height= 50>\n\t\n\tAlessio Garzelli\n\t\t\n\t<\/h3>[vc_column_text]<\/p>\n<p style=\"text-align: center;\"><span style=\"color: #333333;\">Ing\u00e9nieur Structure<\/span><\/p>\n<p>[\/vc_column_text][\/vc_column][vc_column width=\u00a0\u00bb1\/3&Prime;][vc_single_image image=\u00a0\u00bb8622&Prime; img_size=\u00a0\u00bblarge\u00a0\u00bb alignment=\u00a0\u00bbcenter\u00a0\u00bb style=\u00a0\u00bbvc_box_shadow_border\u00a0\u00bb]\n<h3 class=\"edgtf-custom-font-holder\" style=\"font-size: 20px;line-height: 50px;font-weight: 600;text-align: center;color: #000000\" data-font-size= 20 data-line-height= 50>\n\t\n\tMartina Agostino\n\t\t\n\t<\/h3>[vc_column_text]<\/p>\n<p style=\"text-align: center;\"><span style=\"color: #333333;\">Ing\u00e9nieur Civil<br \/>\n(Sp\u00e9cialiste BIM)<\/span><\/p>\n<p>[\/vc_column_text][\/vc_column][vc_column width=\u00a0\u00bb1\/3&Prime;][vc_single_image image=\u00a0\u00bb8575&Prime; img_size=\u00a0\u00bblarge\u00a0\u00bb alignment=\u00a0\u00bbcenter\u00a0\u00bb style=\u00a0\u00bbvc_box_shadow_border\u00a0\u00bb]\n<h3 class=\"edgtf-custom-font-holder\" style=\"font-size: 20px;line-height: 50px;font-weight: 600;text-align: center;color: #000000\" data-font-size= 20 data-line-height= 50>\n\t\n\tFederica Plebani\n\t\t\n\t<\/h3>[vc_column_text]<\/p>\n<p style=\"text-align: center;\"><span style=\"color: #333333;\">Architecte<br \/>\n(Sp\u00e9cialiste BIM)<\/span><\/p>\n<p>[\/vc_column_text][\/vc_column][\/vc_row][vc_row][vc_column][vc_empty_space][\/vc_column][\/vc_row][vc_row][vc_column width=\u00a0\u00bb1\/3&Prime;][vc_single_image image=\u00a0\u00bb9041&Prime; img_size=\u00a0\u00bblarge\u00a0\u00bb alignment=\u00a0\u00bbcenter\u00a0\u00bb style=\u00a0\u00bbvc_box_shadow_border\u00a0\u00bb]\n<h3 class=\"edgtf-custom-font-holder\" style=\"font-size: 20px;line-height: 50px;font-weight: 600;text-align: center;color: #000000\" data-font-size= 20 data-line-height= 50>\n\t\n\tAlessandro Barcherini\n\t\t\n\t<\/h3>[vc_column_text]<\/p>\n<p style=\"text-align: center;\"><span style=\"color: #333333;\">G\u00e9om\u00e8tre<br \/>\n(Sp\u00e9cialiste BIM)<\/span><\/p>\n<p>[\/vc_column_text][\/vc_column][vc_column width=\u00a0\u00bb1\/3&Prime;][vc_single_image image=\u00a0\u00bb9113&Prime; img_size=\u00a0\u00bblarge\u00a0\u00bb alignment=\u00a0\u00bbcenter\u00a0\u00bb style=\u00a0\u00bbvc_box_shadow_border\u00a0\u00bb]\n<h3 class=\"edgtf-custom-font-holder\" style=\"font-size: 20px;line-height: 50px;font-weight: 600;text-align: center;color: #000000\" data-font-size= 20 data-line-height= 50>\n\t\n\tLeonardo Fioramanti\n\t\t\n\t<\/h3>[vc_column_text]<\/p>\n<p style=\"text-align: center;\"><span style=\"color: #333333;\">Ing\u00e9nieur Civil<\/span><\/p>\n<p>[\/vc_column_text][\/vc_column][vc_column width=\u00a0\u00bb1\/3&Prime;][vc_single_image image=\u00a0\u00bb9151&Prime; img_size=\u00a0\u00bblarge\u00a0\u00bb alignment=\u00a0\u00bbcenter\u00a0\u00bb style=\u00a0\u00bbvc_box_shadow_border\u00a0\u00bb]\n<h3 class=\"edgtf-custom-font-holder\" style=\"font-size: 20px;line-height: 50px;font-weight: 600;text-align: center;color: #000000\" data-font-size= 20 data-line-height= 50>\n\t\n\tGiulia Esigibili\n\t\t\n\t<\/h3>[vc_column_text]<\/p>\n<p style=\"text-align: center;\"><span style=\"color: #333333;\">Charg\u00e9e de projet en construction, Licence<br \/>\n(Sp\u00e9cialiste BIM Junior)<\/span><\/p>\n<p>[\/vc_column_text][\/vc_column][\/vc_row][vc_row][vc_column][vc_empty_space][\/vc_column][\/vc_row][vc_row][vc_column width=\u00a0\u00bb1\/3&Prime;][vc_single_image image=\u00a0\u00bb9018&Prime; img_size=\u00a0\u00bblarge\u00a0\u00bb alignment=\u00a0\u00bbcenter\u00a0\u00bb style=\u00a0\u00bbvc_box_shadow_border\u00a0\u00bb]\n<h3 class=\"edgtf-custom-font-holder\" style=\"font-size: 20px;line-height: 50px;font-weight: 600;text-align: center;color: #000000\" data-font-size= 20 data-line-height= 50>\n\t\n\tClelia Palumbo\n\t\t\n\t<\/h3>[vc_column_text]<\/p>\n<p style=\"text-align: center;\"><span style=\"color: #333333;\">Secr\u00e9taire\u00a0<\/span><\/p>\n<p>[\/vc_column_text][\/vc_column][vc_column width=\u00a0\u00bb1\/3&Prime;][\/vc_column][vc_column width=\u00a0\u00bb1\/3&Prime;][\/vc_column][\/vc_row][vc_row][vc_column][vc_empty_space height=\u00a0\u00bb64px\u00a0\u00bb][\/vc_column][\/vc_row][vc_row disable_element=\u00a0\u00bbyes\u00a0\u00bb][vc_column width=\u00a0\u00bb1\/4&Prime; offset=\u00a0\u00bbvc_col-lg-4 vc_col-md-12&Prime;][vc_single_image image=\u00a0\u00bb4541&Prime; img_size=\u00a0\u00bbfull\u00a0\u00bb][vc_empty_space height=\u00a0\u00bb33px\u00a0\u00bb]<div class=\"edgtf-numbered-title\">\n\t<div class=\"edgtf-nt-number\" style=\"color:#e3b970;padding-right:3px\">\n\t\t<span>\n\t\t\t01\t\t<\/span>\n\t<\/div>\n\t<div class=\"edgtf-nt-title-subtitle-holder\">\n\t\t<h3 class=\"edgtf-nt-title\" >\n\t\t\tResidential\t\t<\/h3>\n\t<\/div>\n<\/div>[vc_empty_space height=\u00a0\u00bb25px\u00a0\u00bb][vc_column_text]Alienum phaedrum torquatos nec eu, vis detraxit periculis ex, nihil expetendis in mei. Mei an pericula euripidis, hinc partem ei est. Eos ei nisl graecis, vix aperiri.[\/vc_column_text][vc_empty_space height=\u00a0\u00bb40px\u00a0\u00bb][\/vc_column][vc_column width=\u00a0\u00bb1\/4&Prime; offset=\u00a0\u00bbvc_col-lg-4 vc_col-md-12&Prime;][vc_single_image image=\u00a0\u00bb4550&Prime; img_size=\u00a0\u00bbfull\u00a0\u00bb][vc_empty_space height=\u00a0\u00bb33px\u00a0\u00bb]<div class=\"edgtf-numbered-title\">\n\t<div class=\"edgtf-nt-number\" style=\"color:#e3b970;\">\n\t\t<span>\n\t\t\t02\t\t<\/span>\n\t<\/div>\n\t<div class=\"edgtf-nt-title-subtitle-holder\">\n\t\t<h3 class=\"edgtf-nt-title\" >\n\t\t\tComercial\t\t<\/h3>\n\t<\/div>\n<\/div>[vc_empty_space height=\u00a0\u00bb25px\u00a0\u00bb][vc_column_text]Nam fermentum vel felis at laoreet. Cras semper pulvinar tristique. Cras vitae pulvinar velit, vitae elementum risus. Nullam nulla arcu, gravida sed libero sit amet.[\/vc_column_text][vc_empty_space height=\u00a0\u00bb40px\u00a0\u00bb][\/vc_column][vc_column width=\u00a0\u00bb1\/4&Prime; offset=\u00a0\u00bbvc_col-lg-4 vc_col-md-12&Prime;][vc_single_image image=\u00a0\u00bb4551&Prime; img_size=\u00a0\u00bbfull\u00a0\u00bb][vc_empty_space height=\u00a0\u00bb33px\u00a0\u00bb]<div class=\"edgtf-numbered-title\">\n\t<div class=\"edgtf-nt-number\" style=\"color:#e3b970;\">\n\t\t<span>\n\t\t\t03\t\t<\/span>\n\t<\/div>\n\t<div class=\"edgtf-nt-title-subtitle-holder\">\n\t\t<h3 class=\"edgtf-nt-title\" >\n\t\t\tInteriors\t\t<\/h3>\n\t<\/div>\n<\/div>[vc_empty_space height=\u00a0\u00bb25px\u00a0\u00bb][vc_column_text]Interdum et malesuada fames ac ante ipsum primis in faucibus. Quisque at tellus felis. Sed fringilla, tellus non congue porttitor, dui eros faucibus augue, id lobortis.[\/vc_column_text][vc_empty_space height=\u00a0\u00bb40px\u00a0\u00bb][\/vc_column][vc_column width=\u00a0\u00bb1\/4&Prime;][\/vc_column][\/vc_row][vc_row disable_element=\u00a0\u00bbyes\u00a0\u00bb css=\u00a0\u00bb.vc_custom_1649945227184{padding-top: 23px !important;padding-bottom: 23px !important;}\u00a0\u00bb][vc_column][vc_column_text]Alienum phaedrum torquatos nec eu, vis detraxit periculis ex, nihil expetendis in mei. Mei an pericula euripidis, hinc partem ei est. Eos ei nisl graecis, vix aperiri consequat an. Eius lorem tincidunt vix at, vel pertinax sensibus id, error epicurei mea et. Mea facilisis urbanitas moderatius id. Vis ei rationibus definiebas, eu qui purto zril laoreet. Ex error omnium interpretaris pro, alia illum ea vim.[\/vc_column_text][vc_column_text]<\/p>\n<h1 style=\"text-align: center;\"><strong>Collaborateurs<\/strong><\/h1>\n<p>[\/vc_column_text]<div class=\"edgtf-separator-holder clearfix  edgtf-separator-center\">\n\t<div class=\"edgtf-separator\" style=\"border-color: #ffc107;width: 500px;border-bottom-width: 2px;margin-top: 16px;margin-bottom: 16 px\"><\/div>\n<\/div>\n[vc_empty_space height=\u00a0\u00bb23px\u00a0\u00bb][vc_column_text]Lorem ipsum dolor sit amet, consectetur adipiscing elit. Aenean feugiat dictum lacus, ut hendrerit mi pulvinar vel. Fusce id nibh at neque eleifend tristique at sit amet libero. In aliquam in nisl nec sollicitudin. Sed consectetur volutpat sem vitae facilisis\u00a0fusce tristique.[\/vc_column_text][\/vc_column][\/vc_row][vc_row][vc_column width=\u00a0\u00bb1\/3&Prime;][\/vc_column][vc_column width=\u00a0\u00bb1\/3&Prime;][\/vc_column][\/vc_row][vc_row][vc_column][\/vc_column][\/vc_row]<\/p>\n<\/section>","protected":false},"excerpt":{"rendered":"<p>[vc_row css=\u00a0\u00bb.vc_custom_1462367774917{padding-bottom: 2px !important;}\u00a0\u00bb][vc_column][vc_row_inner][vc_column_inner][\/vc_column_inner][\/vc_row_inner][vc_row_inner disable_element=\u00a0\u00bbyes\u00a0\u00bb][vc_column_inner][vc_column_text] Notre Equipe [\/vc_column_text][vc_empty_space height=\u00a0\u00bb18px\u00a0\u00bb][vc_empty_space height=\u00a0\u00bb18px\u00a0\u00bb][\/vc_column_inner][\/vc_row_inner][vc_row_inner disable_element=\u00a0\u00bbyes\u00a0\u00bb][vc_column_inner width=\u00a0\u00bb1\/6&Prime;][vc_column_text][\/vc_column_text][\/vc_column_inner][vc_column_inner width=\u00a0\u00bb2\/3&Prime;][vc_column_text] Marco Renzelli, Luciano Gioacchini e Alessandro Costa,disposent d\u2019une longue exp\u00e9rience dans la conception et la r\u00e9habilitation de structures civiles et d\u2019infrastructures, qu\u2019elles soient nouvelles ou existantes. Nous comptons sur une \u00e9quipe jeune&#8230;<\/p>\n","protected":false},"author":1,"featured_media":0,"parent":0,"menu_order":0,"comment_status":"closed","ping_status":"closed","template":"","meta":{"_acf_changed":false,"footnotes":""},"class_list":["post-6634","page","type-page","status-publish","hentry"],"acf":[],"_links":{"self":[{"href":"https:\/\/www.pm-d.it\/fr\/wp-json\/wp\/v2\/pages\/6634"}],"collection":[{"href":"https:\/\/www.pm-d.it\/fr\/wp-json\/wp\/v2\/pages"}],"about":[{"href":"https:\/\/www.pm-d.it\/fr\/wp-json\/wp\/v2\/types\/page"}],"author":[{"embeddable":true,"href":"https:\/\/www.pm-d.it\/fr\/wp-json\/wp\/v2\/users\/1"}],"replies":[{"embeddable":true,"href":"https:\/\/www.pm-d.it\/fr\/wp-json\/wp\/v2\/comments?post=6634"}],"version-history":[{"count":264,"href":"https:\/\/www.pm-d.it\/fr\/wp-json\/wp\/v2\/pages\/6634\/revisions"}],"predecessor-version":[{"id":8629,"href":"https:\/\/www.pm-d.it\/fr\/wp-json\/wp\/v2\/pages\/6634\/revisions\/8629"}],"wp:attachment":[{"href":"https:\/\/www.pm-d.it\/fr\/wp-json\/wp\/v2\/media?parent=6634"}],"curies":[{"name":"wp","href":"https:\/\/api.w.org\/{rel}","templated":true}]}}